{"id":177,"date":"2024-12-11T12:17:58","date_gmt":"2024-12-11T17:17:58","guid":{"rendered":"https:\/\/aquarianalchemy.club\/?page_id=177"},"modified":"2024-12-18T16:43:44","modified_gmt":"2024-12-18T21:43:44","slug":"compliance-policy-regulations-and-prices","status":"publish","type":"page","link":"https:\/\/aquarianalchemy.club\/es\/legal\/compliance-policy-regulations-and-prices\/","title":{"rendered":"Pol\u00edtica de Conformidad: Regulaciones y Precios"},"content":{"rendered":"<p>Esta pol\u00edtica tiene el objetivo de definir la forma correcta y los t\u00e9rminos para referirse a nuestra marca y a nuestro producto seg\u00fan las regulaciones existentes en los Estados Unidos. Es extremadamente da\u00f1ino para la industria, los productores y los consumidores el no seguir a cabalidad dichas normas y regulaciones.<\/p>\n\n\n\n<p>Aquarian Alchemy Club est\u00e1 comprometida con el cumplimiento de las leyes y regulaciones impuestas por la FDA (Administraci\u00f3n de Alimentos y Medicamentos) y la FTC (Comisi\u00f3n Federal de Comercio), as\u00ed como por todas las agencias estatales y gubernamentales.<\/p>\n\n\n\n<p>Es vital para la supervivencia del negocio que todos los anuncios, descripciones de productos, plataformas de redes sociales, testimonios de consumidores y documentos relacionados cumplan estas leyes y regulaciones. En consecuencia, Aquarian Alchemy Club supervisar\u00e1 a los afiliados, referidos, clientes o empresas de manera continua para garantizar su cumplimiento en cuanto a la forma en que hacen referencia a nuestro producto.<strong>&nbsp;En caso de que alguien asociado con nuestra marca y\/o producto realice declaraciones que infrinjan esta pol\u00edtica, Aquarian Alchemy Club cerrar\u00e1 su cuenta y los denunciar\u00e1 a las autoridades pertinentes.<\/strong><\/p>\n\n\n\n<p><strong>T\u00c9RMINOS para referirse a la Plata Coloidal de Aquarian Alchemy:<\/strong><\/p>\n\n\n\n<p class=\"translation-block\">T\u00e9rminos <strong>PROHIBIDOS<\/strong><\/p>\n\n\n\n<p class=\"translation-block\"><strong>No puede<\/strong> contener el nombre o alguna parte reconocible del nombre de ninguna enfermedad.<\/p>\n\n\n\n<p class=\"translation-block\"><strong>No puede<\/strong> sugerir que es un tratamiento o una prevenci\u00f3n de ninguna enfermedad.<\/p>\n\n\n\n<p class=\"translation-block\">Ejemplos de palabras <strong>INCORRECTAS<\/strong> e <strong>INACEPTABLES<\/strong> para referirse al producto:<\/p>\n\n\n\n<p>NO SE PUEDE DECIR que&nbsp;<strong>cura, alivia, sana, corrige, trata, previene, remedia.<\/strong>.<\/p>\n\n\n\n<p class=\"translation-block\">T\u00e9rminos <strong>ACEPTABLES<\/strong><\/p>\n\n\n\n<p>Es&nbsp;<strong>aceptable<\/strong>&nbsp;decir que&nbsp;<strong>\u201cpodr\u00eda\u201d<\/strong>:&nbsp;<strong>Promover, Dar Soporte a, Regular, Mantener, Ayudar, Apoyar.<\/strong><\/p>\n\n\n\n<p>Siempre hay que mirar al producto como un&nbsp;<strong>\"Asistente\"<\/strong>&nbsp;de eso que s\u00ed tiene la funci\u00f3n de curar o mantener la salud, como por ejemplo, el sistema inmune.<\/p>\n\n\n\n<p><strong>Precios de la Plata Coloidal de Aquarian Alchemy Club:<\/strong><\/p>\n\n\n\n<p>El sitio web\u00a0<strong><a href=\"http:\/\/aquarianalchemy.club\/es\/\" data-type=\"link\" data-id=\"aquarianalchemy.club\">aquarianalchemy.club<\/a><\/strong>\u00a0es el\u00a0<strong>\u00daNICO LUGAR<\/strong>\u00a0en el mundo donde se puede comprar nuestra Plata Coloidal.<\/p>\n\n\n\n<p>Los precios publicados en aquarianalchemy.club (precios regulares, promociones, descuentos por cantidad y paquetes de suscripci\u00f3n) que aparecen en nuestro sitio web,&nbsp;<strong>SON LOS \u00daNICOS PRECIOS V\u00c1LIDOS.<\/strong>.<\/p>\n\n\n\n<p>Si otra persona, tienda, entidad o compa\u00f1\u00eda est\u00e1 vendiendo nuestra plata coloidal (sin importar para cu\u00e1l precio),&nbsp;<strong>EST\u00c1 EN VIOLACI\u00d3N DE ESTA POL\u00cdTICA Y NO HA SIDO AUTORIZADA POR NOSOTROS<\/strong>. Es un acto criminal que nos perjudica a nosotros como productores y a nuestros queridos consumidores.<\/p>\n\n\n\n<p>Si encuentras alguna persona o entidad en violaci\u00f3n de los contenidos de esta pol\u00edtica, te pedimos que nos lo dejes saber para nosotros actuar en consecuencia.<\/p>\n\n\n\n<p><strong>Esta pol\u00edtica est\u00e1 sujeta a cambios por nuestra parte en cualquier momento y bajo nuestro exclusivo criterio, adem\u00e1s de ser unilateral y no negociable.<\/strong><\/p>","protected":false},"excerpt":{"rendered":"<p>This policy aims to define the correct way and terms to refer to our brand and product according to the regulations in place in the United States. It is extremely harmful to the industry, producers, and consumers not to fully comply with these rules and regulations. Aquarian Alchemy Club is committed to complying with the [&hellip;]<\/p>\n","protected":false},"author":3,"featured_media":0,"parent":187,"menu_order":4,"comment_status":"closed","ping_status":"closed","template":"","meta":{"_acf_changed":false,"_et_pb_use_builder":"off","_et_pb_old_content":"","_et_gb_content_width":"","footnotes":""},"dipi_cpt_category":[],"class_list":["post-177","page","type-page","status-publish","hentry"],"acf":[],"_links":{"self":[{"href":"https:\/\/aquarianalchemy.club\/es\/wp-json\/wp\/v2\/pages\/177","targetHints":{"allow":["GET"]}}],"collection":[{"href":"https:\/\/aquarianalchemy.club\/es\/wp-json\/wp\/v2\/pages"}],"about":[{"href":"https:\/\/aquarianalchemy.club\/es\/wp-json\/wp\/v2\/types\/page"}],"author":[{"embeddable":true,"href":"https:\/\/aquarianalchemy.club\/es\/wp-json\/wp\/v2\/users\/3"}],"replies":[{"embeddable":true,"href":"https:\/\/aquarianalchemy.club\/es\/wp-json\/wp\/v2\/comments?post=177"}],"version-history":[{"count":1,"href":"https:\/\/aquarianalchemy.club\/es\/wp-json\/wp\/v2\/pages\/177\/revisions"}],"predecessor-version":[{"id":178,"href":"https:\/\/aquarianalchemy.club\/es\/wp-json\/wp\/v2\/pages\/177\/revisions\/178"}],"up":[{"embeddable":true,"href":"https:\/\/aquarianalchemy.club\/es\/wp-json\/wp\/v2\/pages\/187"}],"wp:attachment":[{"href":"https:\/\/aquarianalchemy.club\/es\/wp-json\/wp\/v2\/media?parent=177"}],"wp:term":[{"taxonomy":"dipi_cpt_category","embeddable":true,"href":"https:\/\/aquarianalchemy.club\/es\/wp-json\/wp\/v2\/dipi_cpt_category?post=177"}],"curies":[{"name":"wp","href":"https:\/\/api.w.org\/{rel}","templated":true}]}}